{"id":89,"date":"2024-01-04T14:59:13","date_gmt":"2024-01-04T14:59:13","guid":{"rendered":"https:\/\/somol.com.br\/novo\/?page_id=89"},"modified":"2025-06-12T14:49:13","modified_gmt":"2025-06-12T14:49:13","slug":"micro-mola-odontologia","status":"publish","type":"page","link":"https:\/\/somol.com.br\/novo\/micro-mola-odontologia\/","title":{"rendered":"Micro Mola Odontologia"},"content":{"rendered":"\t\t<div data-elementor-type=\"wp-page\" data-elementor-id=\"89\" class=\"elementor elementor-89\">\n\t\t\t\t<div class=\"has_eae_slider elementor-element elementor-element-dd875ea e-flex e-con-boxed e-con e-parent\" data-id=\"dd875ea\" data-element_type=\"container\" data-settings=\"{&quot;background_background&quot;:&quot;classic&quot;}\">\n\t\t\t\t\t<div class=\"e-con-inner\">\n\t\t<div class=\"has_eae_slider elementor-element elementor-element-ce414bf e-con-full e-flex e-con e-child\" data-id=\"ce414bf\" data-element_type=\"container\">\n\t\t\t\t<div class=\"elementor-element elementor-element-834aa12 elementor-icon-list--layout-inline elementor-align-left elementor-list-item-link-full_width elementor-widget elementor-widget-icon-list\" data-id=\"834aa12\" data-element_type=\"widget\" data-widget_type=\"icon-list.default\">\n\t\t\t\t<div class=\"elementor-widget-container\">\n\t\t\t<link rel=\"stylesheet\" href=\"https:\/\/somol.com.br\/novo\/wp-content\/plugins\/elementor\/assets\/css\/widget-icon-list.min.css\">\t\t<ul class=\"elementor-icon-list-items elementor-inline-items\">\n\t\t\t\t\t\t\t<li class=\"elementor-icon-list-item elementor-inline-item\">\n\t\t\t\t\t\t\t\t\t\t\t<span class=\"elementor-icon-list-icon\">\n\t\t\t\t\t\t\t<svg aria-hidden=\"true\" class=\"e-font-icon-svg e-fas-map-marker-alt\" viewBox=\"0 0 384 512\" xmlns=\"http:\/\/www.w3.org\/2000\/svg\"><path d=\"M172.268 501.67C26.97 291.031 0 269.413 0 192 0 85.961 85.961 0 192 0s192 85.961 192 192c0 77.413-26.97 99.031-172.268 309.67-9.535 13.774-29.93 13.773-39.464 0zM192 272c44.183 0 80-35.817 80-80s-35.817-80-80-80-80 35.817-80 80 35.817 80 80 80z\"><\/path><\/svg>\t\t\t\t\t\t<\/span>\n\t\t\t\t\t\t\t\t\t\t<span class=\"elementor-icon-list-text\">Rua Sargento da Aeron\u00e1utica Jo\u00e3o R. Ferreira, 282 - Conj. Res. Paes de Barros - Guarulhos-SP<\/span>\n\t\t\t\t\t\t\t\t\t<\/li>\n\t\t\t\t\t\t\t\t<li class=\"elementor-icon-list-item elementor-inline-item\">\n\t\t\t\t\t\t\t\t\t\t\t<span class=\"elementor-icon-list-icon\">\n\t\t\t\t\t\t\t<svg aria-hidden=\"true\" class=\"e-font-icon-svg e-fas-envelope\" viewBox=\"0 0 512 512\" xmlns=\"http:\/\/www.w3.org\/2000\/svg\"><path d=\"M502.3 190.8c3.9-3.1 9.7-.2 9.7 4.7V400c0 26.5-21.5 48-48 48H48c-26.5 0-48-21.5-48-48V195.6c0-5 5.7-7.8 9.7-4.7 22.4 17.4 52.1 39.5 154.1 113.6 21.1 15.4 56.7 47.8 92.2 47.6 35.7.3 72-32.8 92.3-47.6 102-74.1 131.6-96.3 154-113.7zM256 320c23.2.4 56.6-29.2 73.4-41.4 132.7-96.3 142.8-104.7 173.4-128.7 5.8-4.5 9.2-11.5 9.2-18.9v-19c0-26.5-21.5-48-48-48H48C21.5 64 0 85.5 0 112v19c0 7.4 3.4 14.3 9.2 18.9 30.6 23.9 40.7 32.4 173.4 128.7 16.8 12.2 50.2 41.8 73.4 41.4z\"><\/path><\/svg>\t\t\t\t\t\t<\/span>\n\t\t\t\t\t\t\t\t\t\t<span class=\"elementor-icon-list-text\">somol@somol.com.br<\/span>\n\t\t\t\t\t\t\t\t\t<\/li>\n\t\t\t\t\t\t<\/ul>\n\t\t\t\t<\/div>\n\t\t\t\t<\/div>\n\t\t\t\t<\/div>\n\t\t<div class=\"has_eae_slider elementor-element elementor-element-7654e87 e-con-full e-flex e-con e-child\" data-id=\"7654e87\" data-element_type=\"container\">\n\t\t\t\t<div class=\"elementor-element elementor-element-e194862 elementor-icon-list--layout-inline elementor-list-item-link-full_width elementor-widget elementor-widget-icon-list\" data-id=\"e194862\" data-element_type=\"widget\" data-widget_type=\"icon-list.default\">\n\t\t\t\t<div class=\"elementor-widget-container\">\n\t\t\t\t\t<ul class=\"elementor-icon-list-items elementor-inline-items\">\n\t\t\t\t\t\t\t<li class=\"elementor-icon-list-item elementor-inline-item\">\n\t\t\t\t\t\t\t\t\t\t\t<a href=\"https:\/\/wa.me\/5511952553596\">\n\n\t\t\t\t\t\t\t\t\t\t\t\t<span class=\"elementor-icon-list-icon\">\n\t\t\t\t\t\t\t<svg aria-hidden=\"true\" class=\"e-font-icon-svg e-fab-whatsapp\" viewBox=\"0 0 448 512\" xmlns=\"http:\/\/www.w3.org\/2000\/svg\"><path d=\"M380.9 97.1C339 55.1 283.2 32 223.9 32c-122.4 0-222 99.6-222 222 0 39.1 10.2 77.3 29.6 111L0 480l117.7-30.9c32.4 17.7 68.9 27 106.1 27h.1c122.3 0 224.1-99.6 224.1-222 0-59.3-25.2-115-67.1-157zm-157 341.6c-33.2 0-65.7-8.9-94-25.7l-6.7-4-69.8 18.3L72 359.2l-4.4-7c-18.5-29.4-28.2-63.3-28.2-98.2 0-101.7 82.8-184.5 184.6-184.5 49.3 0 95.6 19.2 130.4 54.1 34.8 34.9 56.2 81.2 56.1 130.5 0 101.8-84.9 184.6-186.6 184.6zm101.2-138.2c-5.5-2.8-32.8-16.2-37.9-18-5.1-1.9-8.8-2.8-12.5 2.8-3.7 5.6-14.3 18-17.6 21.8-3.2 3.7-6.5 4.2-12 1.4-32.6-16.3-54-29.1-75.5-66-5.7-9.8 5.7-9.1 16.3-30.3 1.8-3.7.9-6.9-.5-9.7-1.4-2.8-12.5-30.1-17.1-41.2-4.5-10.8-9.1-9.3-12.5-9.5-3.2-.2-6.9-.2-10.6-.2-3.7 0-9.7 1.4-14.8 6.9-5.1 5.6-19.4 19-19.4 46.3 0 27.3 19.9 53.7 22.6 57.4 2.8 3.7 39.1 59.7 94.8 83.8 35.2 15.2 49 16.5 66.6 13.9 10.7-1.6 32.8-13.4 37.4-26.4 4.6-13 4.6-24.1 3.2-26.4-1.3-2.5-5-3.9-10.5-6.6z\"><\/path><\/svg>\t\t\t\t\t\t<\/span>\n\t\t\t\t\t\t\t\t\t\t<span class=\"elementor-icon-list-text\">11 95255-3596<\/span>\n\t\t\t\t\t\t\t\t\t\t\t<\/a>\n\t\t\t\t\t\t\t\t\t<\/li>\n\t\t\t\t\t\t\t\t<li class=\"elementor-icon-list-item elementor-inline-item\">\n\t\t\t\t\t\t\t\t\t\t\t<a href=\"tel:+551124889647\">\n\n\t\t\t\t\t\t\t\t\t\t\t\t<span class=\"elementor-icon-list-icon\">\n\t\t\t\t\t\t\t<svg aria-hidden=\"true\" class=\"e-font-icon-svg e-fas-phone-alt\" viewBox=\"0 0 512 512\" xmlns=\"http:\/\/www.w3.org\/2000\/svg\"><path d=\"M497.39 361.8l-112-48a24 24 0 0 0-28 6.9l-49.6 60.6A370.66 370.66 0 0 1 130.6 204.11l60.6-49.6a23.94 23.94 0 0 0 6.9-28l-48-112A24.16 24.16 0 0 0 122.6.61l-104 24A24 24 0 0 0 0 48c0 256.5 207.9 464 464 464a24 24 0 0 0 23.4-18.6l24-104a24.29 24.29 0 0 0-14.01-27.6z\"><\/path><\/svg>\t\t\t\t\t\t<\/span>\n\t\t\t\t\t\t\t\t\t\t<span class=\"elementor-icon-list-text\">11 2488-9647<\/span>\n\t\t\t\t\t\t\t\t\t\t\t<\/a>\n\t\t\t\t\t\t\t\t\t<\/li>\n\t\t\t\t\t\t\t\t<li class=\"elementor-icon-list-item elementor-inline-item\">\n\t\t\t\t\t\t\t\t\t\t\t<a href=\"tel:+551124461026\">\n\n\t\t\t\t\t\t\t\t\t\t\t\t<span class=\"elementor-icon-list-icon\">\n\t\t\t\t\t\t\t<svg aria-hidden=\"true\" class=\"e-font-icon-svg e-fas-phone-alt\" viewBox=\"0 0 512 512\" xmlns=\"http:\/\/www.w3.org\/2000\/svg\"><path d=\"M497.39 361.8l-112-48a24 24 0 0 0-28 6.9l-49.6 60.6A370.66 370.66 0 0 1 130.6 204.11l60.6-49.6a23.94 23.94 0 0 0 6.9-28l-48-112A24.16 24.16 0 0 0 122.6.61l-104 24A24 24 0 0 0 0 48c0 256.5 207.9 464 464 464a24 24 0 0 0 23.4-18.6l24-104a24.29 24.29 0 0 0-14.01-27.6z\"><\/path><\/svg>\t\t\t\t\t\t<\/span>\n\t\t\t\t\t\t\t\t\t\t<span class=\"elementor-icon-list-text\">11 2446-1026<\/span>\n\t\t\t\t\t\t\t\t\t\t\t<\/a>\n\t\t\t\t\t\t\t\t\t<\/li>\n\t\t\t\t\t\t<\/ul>\n\t\t\t\t<\/div>\n\t\t\t\t<\/div>\n\t\t\t\t<\/div>\n\t\t\t\t\t<\/div>\n\t\t\t\t<\/div>\n\t\t<div class=\"has_eae_slider elementor-element elementor-element-6f4430e e-flex e-con-boxed e-con e-parent\" data-id=\"6f4430e\" data-element_type=\"container\" data-settings=\"{&quot;background_background&quot;:&quot;classic&quot;}\">\n\t\t\t\t\t<div class=\"e-con-inner\">\n\t\t<div class=\"has_eae_slider elementor-element elementor-element-207e02f e-con-full e-flex e-con e-child\" data-id=\"207e02f\" data-element_type=\"container\">\n\t\t\t\t<div class=\"elementor-element elementor-element-0ca1228 elementor-widget elementor-widget-image\" data-id=\"0ca1228\" data-element_type=\"widget\" data-widget_type=\"image.default\">\n\t\t\t\t<div class=\"elementor-widget-container\">\n\t\t\t<style>\/*! elementor - v3.23.0 - 25-07-2024 *\/\n.elementor-widget-image{text-align:center}.elementor-widget-image a{display:inline-block}.elementor-widget-image a img[src$=\".svg\"]{width:48px}.elementor-widget-image img{vertical-align:middle;display:inline-block}<\/style>\t\t\t\t\t\t\t\t\t\t<img decoding=\"async\" width=\"300\" height=\"83\" src=\"https:\/\/somol.com.br\/novo\/wp-content\/uploads\/2024\/01\/logo-site.png\" class=\"attachment-large size-large wp-image-36\" alt=\"\" \/>\t\t\t\t\t\t\t\t\t\t\t\t\t<\/div>\n\t\t\t\t<\/div>\n\t\t\t\t<\/div>\n\t\t<div class=\"has_eae_slider elementor-element elementor-element-c7edabd e-con-full e-flex e-con e-child\" data-id=\"c7edabd\" data-element_type=\"container\">\n\t\t\t\t<div class=\"elementor-element elementor-element-a80242c elementor-widget elementor-widget-ekit-nav-menu\" data-id=\"a80242c\" data-element_type=\"widget\" data-widget_type=\"ekit-nav-menu.default\">\n\t\t\t\t<div class=\"elementor-widget-container\">\n\t\t\t<div class=\"ekit-wid-con ekit_menu_responsive_tablet\" data-hamburger-icon=\"\" data-hamburger-icon-type=\"icon\" data-responsive-breakpoint=\"1024\">            <button class=\"elementskit-menu-hamburger elementskit-menu-toggler\"  type=\"button\" aria-label=\"hamburger-icon\">\n                                    <span class=\"elementskit-menu-hamburger-icon\"><\/span><span class=\"elementskit-menu-hamburger-icon\"><\/span><span class=\"elementskit-menu-hamburger-icon\"><\/span>\n                            <\/button>\n            <div id=\"ekit-megamenu-principal\" class=\"elementskit-menu-container elementskit-menu-offcanvas-elements elementskit-navbar-nav-default ekit-nav-menu-one-page-no ekit-nav-dropdown-hover\"><ul id=\"menu-principal\" class=\"elementskit-navbar-nav elementskit-menu-po-right submenu-click-on-icon\"><li id=\"menu-item-33\" class=\"menu-item menu-item-type-post_type menu-item-object-page menu-item-home menu-item-33 nav-item elementskit-mobile-builder-content\" data-vertical-menu=750px><a href=\"https:\/\/somol.com.br\/novo\/\" class=\"ekit-menu-nav-link\">Home<\/a><\/li>\n<li id=\"menu-item-32\" class=\"menu-item menu-item-type-post_type menu-item-object-page menu-item-32 nav-item elementskit-mobile-builder-content\" data-vertical-menu=750px><a href=\"https:\/\/somol.com.br\/novo\/empresa\/\" class=\"ekit-menu-nav-link\">Empresa<\/a><\/li>\n<li id=\"menu-item-31\" class=\"menu-item menu-item-type-post_type menu-item-object-page menu-item-31 nav-item elementskit-mobile-builder-content\" data-vertical-menu=750px><a href=\"https:\/\/somol.com.br\/novo\/qualidade\/\" class=\"ekit-menu-nav-link\">Qualidade<\/a><\/li>\n<li id=\"menu-item-30\" class=\"menu-item menu-item-type-post_type menu-item-object-page menu-item-30 nav-item elementskit-mobile-builder-content\" data-vertical-menu=750px><a href=\"https:\/\/somol.com.br\/novo\/produtos\/\" class=\"ekit-menu-nav-link\">Produtos<\/a><\/li>\n<li id=\"menu-item-29\" class=\"menu-item menu-item-type-post_type menu-item-object-page menu-item-29 nav-item elementskit-mobile-builder-content\" data-vertical-menu=750px><a href=\"https:\/\/somol.com.br\/novo\/fale-conosco\/\" class=\"ekit-menu-nav-link\">Fale Conosco<\/a><\/li>\n<\/ul><div class=\"elementskit-nav-identity-panel\">\n\t\t\t\t<div class=\"elementskit-site-title\">\n\t\t\t\t\t<a class=\"elementskit-nav-logo\" href=\"https:\/\/somol.com.br\/novo\" target=\"_self\" rel=\"\">\n\t\t\t\t\t\t<img decoding=\"async\" src=\"\" title=\"\" alt=\"\" \/>\n\t\t\t\t\t<\/a> \n\t\t\t\t<\/div><button class=\"elementskit-menu-close elementskit-menu-toggler\" type=\"button\">X<\/button><\/div><\/div>\t\t\t\n\t\t\t<div class=\"elementskit-menu-overlay elementskit-menu-offcanvas-elements elementskit-menu-toggler ekit-nav-menu--overlay\"><\/div><\/div>\t\t<\/div>\n\t\t\t\t<\/div>\n\t\t\t\t<\/div>\n\t\t\t\t\t<\/div>\n\t\t\t\t<\/div>\n\t\t<div class=\"has_eae_slider elementor-element elementor-element-620b45a e-flex e-con-boxed e-con e-parent\" data-id=\"620b45a\" data-element_type=\"container\">\n\t\t\t\t\t<div class=\"e-con-inner\">\n\t\t\t\t<div class=\"elementor-element elementor-element-5352b40 elementor-widget elementor-widget-heading\" data-id=\"5352b40\" data-element_type=\"widget\" data-widget_type=\"heading.default\">\n\t\t\t\t<div class=\"elementor-widget-container\">\n\t\t\t<style>\/*! elementor - v3.23.0 - 25-07-2024 *\/\n.elementor-heading-title{padding:0;margin:0;line-height:1}.elementor-widget-heading .elementor-heading-title[class*=elementor-size-]>a{color:inherit;font-size:inherit;line-height:inherit}.elementor-widget-heading .elementor-heading-title.elementor-size-small{font-size:15px}.elementor-widget-heading .elementor-heading-title.elementor-size-medium{font-size:19px}.elementor-widget-heading .elementor-heading-title.elementor-size-large{font-size:29px}.elementor-widget-heading .elementor-heading-title.elementor-size-xl{font-size:39px}.elementor-widget-heading .elementor-heading-title.elementor-size-xxl{font-size:59px}<\/style><h2 class=\"elementor-heading-title elementor-size-default\">MICRO MOLA ODONTOLOGIA<\/h2>\t\t<\/div>\n\t\t\t\t<\/div>\n\t\t\t\t\t<\/div>\n\t\t\t\t<\/div>\n\t\t<div class=\"has_eae_slider elementor-element elementor-element-6ba2aca e-flex e-con-boxed e-con e-parent\" data-id=\"6ba2aca\" data-element_type=\"container\">\n\t\t\t\t\t<div class=\"e-con-inner\">\n\t\t<div class=\"has_eae_slider elementor-element elementor-element-0e96447 e-con-full e-flex e-con e-child\" data-id=\"0e96447\" data-element_type=\"container\">\n\t\t\t\t<div class=\"elementor-element elementor-element-1fbb7af elementor-widget elementor-widget-image\" data-id=\"1fbb7af\" data-element_type=\"widget\" data-widget_type=\"image.default\">\n\t\t\t\t<div class=\"elementor-widget-container\">\n\t\t\t\t\t\t\t\t\t\t\t\t\t<img fetchpriority=\"high\" decoding=\"async\" width=\"300\" height=\"300\" src=\"https:\/\/somol.com.br\/novo\/wp-content\/uploads\/2024\/01\/micro-mola-odontologia-01-1-300x300.jpg\" class=\"attachment-medium size-medium wp-image-206\" alt=\"\" srcset=\"https:\/\/somol.com.br\/novo\/wp-content\/uploads\/2024\/01\/micro-mola-odontologia-01-1-300x300.jpg 300w, https:\/\/somol.com.br\/novo\/wp-content\/uploads\/2024\/01\/micro-mola-odontologia-01-1-150x150.jpg 150w, https:\/\/somol.com.br\/novo\/wp-content\/uploads\/2024\/01\/micro-mola-odontologia-01-1.jpg 600w\" sizes=\"(max-width: 300px) 100vw, 300px\" \/>\t\t\t\t\t\t\t\t\t\t\t\t\t<\/div>\n\t\t\t\t<\/div>\n\t\t\t\t<\/div>\n\t\t<div class=\"has_eae_slider elementor-element elementor-element-c806b5b e-con-full e-flex e-con e-child\" data-id=\"c806b5b\" data-element_type=\"container\">\n\t\t\t\t<div class=\"elementor-element elementor-element-246ebbe elementor-widget elementor-widget-image\" data-id=\"246ebbe\" data-element_type=\"widget\" data-widget_type=\"image.default\">\n\t\t\t\t<div class=\"elementor-widget-container\">\n\t\t\t\t\t\t\t\t\t\t\t\t\t<img decoding=\"async\" src=\"https:\/\/somol.com.br\/novo\/wp-content\/uploads\/elementor\/thumbs\/micro-mola-odontologia-03-1-qi0f8136ge3ckm6n7a5cpzaopit9b0o5dy7vy3k3pi.jpg\" title=\"micro-mola-odontologia-03\" alt=\"micro-mola-odontologia-03\" loading=\"lazy\" \/>\t\t\t\t\t\t\t\t\t\t\t\t\t<\/div>\n\t\t\t\t<\/div>\n\t\t\t\t<\/div>\n\t\t<div class=\"has_eae_slider elementor-element elementor-element-d7683c0 e-con-full e-flex e-con e-child\" data-id=\"d7683c0\" data-element_type=\"container\">\n\t\t\t\t<div class=\"elementor-element elementor-element-28ad060 elementor-widget elementor-widget-image\" data-id=\"28ad060\" data-element_type=\"widget\" data-widget_type=\"image.default\">\n\t\t\t\t<div class=\"elementor-widget-container\">\n\t\t\t\t\t\t\t\t\t\t\t\t\t<img decoding=\"async\" src=\"https:\/\/somol.com.br\/novo\/wp-content\/uploads\/elementor\/thumbs\/micro-mola-odontologia-04-qi0f93mk8lk3smmny8t227kl2bjb2lx578ysmfyyds.jpg\" title=\"micro-mola-odontologia-04\" alt=\"micro-mola-odontologia-04\" loading=\"lazy\" \/>\t\t\t\t\t\t\t\t\t\t\t\t\t<\/div>\n\t\t\t\t<\/div>\n\t\t\t\t<\/div>\n\t\t\t\t\t<\/div>\n\t\t\t\t<\/div>\n\t\t<div class=\"has_eae_slider elementor-element elementor-element-9e189b9 e-flex e-con-boxed e-con e-parent\" data-id=\"9e189b9\" data-element_type=\"container\">\n\t\t\t\t\t<div class=\"e-con-inner\">\n\t\t\t\t<div class=\"elementor-element elementor-element-59f71e0 elementor-widget elementor-widget-text-editor\" data-id=\"59f71e0\" data-element_type=\"widget\" data-widget_type=\"text-editor.default\">\n\t\t\t\t<div class=\"elementor-widget-container\">\n\t\t\t<style>\/*! elementor - v3.23.0 - 25-07-2024 *\/\n.elementor-widget-text-editor.elementor-drop-cap-view-stacked .elementor-drop-cap{background-color:#69727d;color:#fff}.elementor-widget-text-editor.elementor-drop-cap-view-framed .elementor-drop-cap{color:#69727d;border:3px solid;background-color:transparent}.elementor-widget-text-editor:not(.elementor-drop-cap-view-default) .elementor-drop-cap{margin-top:8px}.elementor-widget-text-editor:not(.elementor-drop-cap-view-default) .elementor-drop-cap-letter{width:1em;height:1em}.elementor-widget-text-editor .elementor-drop-cap{float:left;text-align:center;line-height:1;font-size:50px}.elementor-widget-text-editor .elementor-drop-cap-letter{display:inline-block}<\/style>\t\t\t\t<h2>Micro Molas para setor odontol\u00f3gico<\/h2><p>Micro mola\u00a0odontologia s\u00e3o molas para instrumentos cirurgicos odontol\u00f3gicos, devem ser produzidas obrigatoriamente em a\u00e7o cirurgico ou podem sofrer algum tipo de corros\u00e3o por contamina\u00e7\u00e3o, n\u00f3s da Somol h\u00e1 anos oferecemos nossas molas para o setor odontol\u00f3gico, atendendo as regulamenta\u00e7\u00f5es de seus clientes certificados pela ANVISA atrav\u00e9s de um Sistema de Gest\u00e3o da Qualidade certificado ISO 9001:2015.<\/p><h2>Micro Molas de compress\u00e3o, tor\u00e7\u00e3o ou tra\u00e7\u00e3o para setor odontol\u00f3gico<\/h2><p>S\u00e3o consideradas\u00a0<strong>micro mola odontologia<\/strong>, as molas produzidas a partir do fio 0,10mm at\u00e9\u00a03,0mm de di\u00e2metro,\u00a0<strong>micro mola odontologia<\/strong>\u00a0s\u00e3o essenciais nos instrumentos e devem atender a cargas especificas ou podem compremeter sua funcionalidade, podem ser de compress\u00e3o, tor\u00e7\u00e3o, tra\u00e7\u00e3o ou mesmo pequenos pinos em a\u00e7o inoxid\u00e1vel,\u00a0<\/p><p>A Somol visando atender ao segmento de\u00a0<strong>micro mola odontologia<\/strong>\u00a0cumpre outras especifica\u00e7\u00f5es exigidas pela Anvisa aos seus clientes, fornecendo\u00a0boas pr\u00e1ticas de fabrica\u00e7\u00e3o e um Sistema de Gest\u00e3o da Qualidade certificado ISO9001:2015.<\/p><p>Venha para a Somol, aqui n\u00f3s temos compromisso dobrado na fabrica\u00e7\u00e3o de\u00a0<strong>micro mola odontologia<\/strong>, visamos\u00a0atender suas expectativas e necessidades com garantia de qualidade e durabilidade\u00a0dos nossos produtos, temos uma equipe de vendas cordial e bem disposta a ajuda-lo, um corpo t\u00e9cnico com experi\u00eancia e qualifica\u00e7\u00e3o comprovada, al\u00e9 de uma produ\u00e7\u00e3o ccom tecnologia aplicada e inovadora.<\/p><p>Envie para n\u00f3s o seu projeto de\u00a0<strong>micro mola odontologia<\/strong>, realizaremos uma an\u00e1lise de viabilidade t\u00e9cnica e auxiliaremos no fornecimento de amostras inicias ou fabrica\u00e7\u00e3o de lote piloto que voc\u00ea poder\u00e1 garantir um pedido de acordo com a sua necessidade.\u00a0<\/p><p>Existem diversos tipos de caracter\u00edsticas e benef\u00edcios presentes na\u00a0<strong>micro mola odontologia<\/strong>\u00a0fique atento ao requisitos da mat\u00e9ria e toler\u00e2ncias dos dimensionais. esses requisitos s\u00e3o fundamentais para o bom funcionamento do seu produto, aqui na Somol suas\u00a0<strong>micro mola odontologia<\/strong>\u00a0temresultados garantidos atrav\u00e9s do atendimento do seu projeto.<\/p><p>Venha conhecer nossa f\u00e1brica e nosso laborat\u00f3rio de qualidade, somos uma empresa com atendimento as ferramentas da qualidade 5S\u00b4S e certificada ISO9001:2015.<\/p><p>Entre em contato com a nossa equipe e realize uma consulta conforme sua necessidade, teremos satisfa\u00e7\u00e3o em atende-los.<\/p><p>Tel.: 11 <strong>95255-3596<\/strong>\u00a0\/\u00a011 <strong>2446-1026<\/strong>\u00a0\/\u00a011\u00a0<strong>2488-9647<\/strong><\/p><p>E-mail: somol@somol.com.br<\/p>\t\t\t\t\t\t<\/div>\n\t\t\t\t<\/div>\n\t\t\t\t\t<\/div>\n\t\t\t\t<\/div>\n\t\t<div class=\"has_eae_slider elementor-element elementor-element-febb391 e-flex e-con-boxed e-con e-parent\" data-id=\"febb391\" data-element_type=\"container\" data-settings=\"{&quot;background_background&quot;:&quot;classic&quot;}\">\n\t\t\t\t\t<div class=\"e-con-inner\">\n\t\t<div class=\"has_eae_slider elementor-element elementor-element-c4fd134 e-con-full e-flex e-con e-child\" data-id=\"c4fd134\" data-element_type=\"container\">\n\t\t\t\t<div class=\"elementor-element elementor-element-895ee96 elementor-widget elementor-widget-text-editor\" data-id=\"895ee96\" data-element_type=\"widget\" data-widget_type=\"text-editor.default\">\n\t\t\t\t<div class=\"elementor-widget-container\">\n\t\t\t\t\t\t\t<address><strong>Somol &#8211; Industria e Com\u00e9rcio de Molas<\/strong><\/address><address>Rua Sargento da Aeron\u00e1utica Jo\u00e3o R. Ferreira, 282 &#8211; Conj. Res. Paes de Barros<br \/>Guarulhos-SP &#8211; Cep: 07182-020<\/address><p>11 95255-3596 \/ 11 <strong>2446-1026<\/strong>\u00a0\/\u00a011\u00a0<strong>2488-9647<\/strong><\/p>\t\t\t\t\t\t<\/div>\n\t\t\t\t<\/div>\n\t\t\t\t<\/div>\n\t\t<div class=\"has_eae_slider elementor-element elementor-element-59b2962 e-con-full e-flex e-con e-child\" data-id=\"59b2962\" data-element_type=\"container\">\n\t\t\t\t<div class=\"elementor-element elementor-element-87e09aa elementor-widget elementor-widget-ekit-nav-menu\" data-id=\"87e09aa\" data-element_type=\"widget\" data-widget_type=\"ekit-nav-menu.default\">\n\t\t\t\t<div class=\"elementor-widget-container\">\n\t\t\t<div class=\"ekit-wid-con ekit_menu_responsive_tablet\" data-hamburger-icon=\"\" data-hamburger-icon-type=\"icon\" data-responsive-breakpoint=\"1024\">            <button class=\"elementskit-menu-hamburger elementskit-menu-toggler\"  type=\"button\" aria-label=\"hamburger-icon\">\n                                    <span class=\"elementskit-menu-hamburger-icon\"><\/span><span class=\"elementskit-menu-hamburger-icon\"><\/span><span class=\"elementskit-menu-hamburger-icon\"><\/span>\n                            <\/button>\n            <div id=\"ekit-megamenu-principal\" class=\"elementskit-menu-container elementskit-menu-offcanvas-elements elementskit-navbar-nav-default ekit-nav-menu-one-page-no ekit-nav-dropdown-hover\"><ul id=\"menu-principal-1\" class=\"elementskit-navbar-nav elementskit-menu-po-right submenu-click-on-icon\"><li class=\"menu-item menu-item-type-post_type menu-item-object-page menu-item-home menu-item-33 nav-item elementskit-mobile-builder-content\" data-vertical-menu=750px><a href=\"https:\/\/somol.com.br\/novo\/\" class=\"ekit-menu-nav-link\">Home<\/a><\/li>\n<li class=\"menu-item menu-item-type-post_type menu-item-object-page menu-item-32 nav-item elementskit-mobile-builder-content\" data-vertical-menu=750px><a href=\"https:\/\/somol.com.br\/novo\/empresa\/\" class=\"ekit-menu-nav-link\">Empresa<\/a><\/li>\n<li class=\"menu-item menu-item-type-post_type menu-item-object-page menu-item-31 nav-item elementskit-mobile-builder-content\" data-vertical-menu=750px><a href=\"https:\/\/somol.com.br\/novo\/qualidade\/\" class=\"ekit-menu-nav-link\">Qualidade<\/a><\/li>\n<li class=\"menu-item menu-item-type-post_type menu-item-object-page menu-item-30 nav-item elementskit-mobile-builder-content\" data-vertical-menu=750px><a href=\"https:\/\/somol.com.br\/novo\/produtos\/\" class=\"ekit-menu-nav-link\">Produtos<\/a><\/li>\n<li class=\"menu-item menu-item-type-post_type menu-item-object-page menu-item-29 nav-item elementskit-mobile-builder-content\" data-vertical-menu=750px><a href=\"https:\/\/somol.com.br\/novo\/fale-conosco\/\" class=\"ekit-menu-nav-link\">Fale Conosco<\/a><\/li>\n<\/ul><div class=\"elementskit-nav-identity-panel\">\n\t\t\t\t<div class=\"elementskit-site-title\">\n\t\t\t\t\t<a class=\"elementskit-nav-logo\" href=\"https:\/\/somol.com.br\/novo\" target=\"_self\" rel=\"\">\n\t\t\t\t\t\t<img decoding=\"async\" src=\"\" title=\"\" alt=\"\" \/>\n\t\t\t\t\t<\/a> \n\t\t\t\t<\/div><button class=\"elementskit-menu-close elementskit-menu-toggler\" type=\"button\">X<\/button><\/div><\/div>\t\t\t\n\t\t\t<div class=\"elementskit-menu-overlay elementskit-menu-offcanvas-elements elementskit-menu-toggler ekit-nav-menu--overlay\"><\/div><\/div>\t\t<\/div>\n\t\t\t\t<\/div>\n\t\t\t\t<\/div>\n\t\t\t\t\t<\/div>\n\t\t\t\t<\/div>\n\t\t\t\t<\/div>\n\t\t","protected":false},"excerpt":{"rendered":"<p>Rua Sargento da Aeron\u00e1utica Jo\u00e3o R. Ferreira, 282 &#8211; Conj. Res. Paes de Barros &#8211; Guarulhos-SP somol@somol.com.br 11 95255-3596 11 2488-9647 11 2446-1026 Home Empresa Qualidade Produtos Fale Conosco X MICRO MOLA ODONTOLOGIA Micro Molas para setor odontol\u00f3gico Micro mola\u00a0odontologia s\u00e3o molas para instrumentos cirurgicos odontol\u00f3gicos, devem ser produzidas obrigatoriamente em a\u00e7o cirurgico ou podem [&hellip;]<\/p>\n","protected":false},"author":1,"featured_media":0,"parent":0,"menu_order":0,"comment_status":"closed","ping_status":"closed","template":"elementor_canvas","meta":{"footnotes":""},"class_list":["post-89","page","type-page","status-publish","hentry"],"_links":{"self":[{"href":"https:\/\/somol.com.br\/novo\/wp-json\/wp\/v2\/pages\/89","targetHints":{"allow":["GET"]}}],"collection":[{"href":"https:\/\/somol.com.br\/novo\/wp-json\/wp\/v2\/pages"}],"about":[{"href":"https:\/\/somol.com.br\/novo\/wp-json\/wp\/v2\/types\/page"}],"author":[{"embeddable":true,"href":"https:\/\/somol.com.br\/novo\/wp-json\/wp\/v2\/users\/1"}],"replies":[{"embeddable":true,"href":"https:\/\/somol.com.br\/novo\/wp-json\/wp\/v2\/comments?post=89"}],"version-history":[{"count":13,"href":"https:\/\/somol.com.br\/novo\/wp-json\/wp\/v2\/pages\/89\/revisions"}],"predecessor-version":[{"id":266,"href":"https:\/\/somol.com.br\/novo\/wp-json\/wp\/v2\/pages\/89\/revisions\/266"}],"wp:attachment":[{"href":"https:\/\/somol.com.br\/novo\/wp-json\/wp\/v2\/media?parent=89"}],"curies":[{"name":"wp","href":"https:\/\/api.w.org\/{rel}","templated":true}]}}